{"id":3,"date":"2019-06-05T11:39:57","date_gmt":"2019-06-05T11:39:57","guid":{"rendered":"http:\/\/www.ninosgardsfix.fi\/?page_id=3"},"modified":"2022-01-25T03:58:52","modified_gmt":"2022-01-25T03:58:52","slug":"privacy-policy","status":"publish","type":"page","link":"https:\/\/www.ninosgardsfix.fi\/index.php\/privacy-policy\/","title":{"rendered":"Sekretesspolicy \/ Tietosuojaseloste"},"content":{"rendered":"\n<p>13.1.2022<\/p>\n\n\n\n<div class=\"wp-block-pb-accordion-item c-accordion__item js-accordion-item no-js\" data-initially-open=\"false\" data-click-to-close=\"true\" data-auto-close=\"true\" data-scroll=\"false\" data-scroll-offset=\"0\"><h2 id=\"at-31\" class=\"c-accordion__title js-accordion-controller\" role=\"button\">Sekretesspolicy<\/h2><div id=\"ac-31\" class=\"c-accordion__content\">\n<h2>Registeransvarig<\/h2>\n\n\n\n<p>Nino Ellenberg<\/p>\n\n\n\n<p><a href=\"https:\/\/www.ninosgardsfix.fi\">https:\/\/www.ninosgardsfix.fi<\/a><\/p>\n\n\n\n<p><a href=\"mailto:ninosgardsfix@gmail.com\">ninosgardsfix@gmail.com<\/a><\/p>\n\n\n\n<p>041 487 6376<br>FO-nummer: 3223890-2<\/p>\n\n\n\n<h2>Vilken personlig information vi samlar och varf\u00f6r<\/h2>\n\n\n\n<p>Vi samlar in personlig information f\u00f6r att hantera kundrelationer. Behandlingen av personuppgifter grundar sig p\u00e5 ett ber\u00e4ttigat intresse och lagstadgade skyldigheter.<\/p>\n\n\n\n<p>De personuppgifter vi samlar in s\u00e4nds i kontaktformul\u00e4ret eller via e-post av dig. Vi samlar \u00e4ven endast din IP-adress p\u00e5 ett s\u00e4tt d\u00e4r den kan kopplas till din identitet d\u00e5 du skickar in en kontaktf\u00f6rfr\u00e5gan med hj\u00e4lp av det angivna formul\u00e4ret.<\/p>\n\n\n\n<h3>Personuppgifter<\/h3>\n\n\n\n<ul><li>Ditt namn<\/li><li>Din e-post adress<\/li><li>Ditt telefonnummer<\/li><li>Din adress<\/li><li>Din IP-adress<\/li><\/ul>\n\n\n\n<p>Mottagarna av dina personuppgifter \u00e4r vi, och som standard skickar vi inte dina personuppgifter till en tredje part.<\/p>\n\n\n\n<h3>Cookies och information som samlats in av tredje part<\/h3>\n\n\n\n<p>Vi anv\u00e4nder ocks\u00e5 cookies och analytik f\u00f6r att f\u00f6rb\u00e4ttra anv\u00e4ndarupplevelsen. F\u00f6r detta anv\u00e4nder vi oss fr\u00e4mst av Google Analytics. N\u00e4r du bes\u00f6ker v\u00e5r webbplats \u00e4r du f\u00f6rem\u00e5l f\u00f6r deras sekretesspolicy.<\/p>\n\n\n\n<p>Mer information om cookies p\u00e5 Europeiska unionens webbplats:<\/p>\n\n\n\n<p><a href=\"https:\/\/european-union.europa.eu\/cookies_sv\" target=\"_blank\" rel=\"noreferrer noopener\">https:\/\/european-union.europa.eu\/cookies_sv<\/a><\/p>\n\n\n\n<p>Mer information om Googles sekretesspolicy:<\/p>\n\n\n\n<p><a href=\"https:\/\/policies.google.com\/privacy?hl=sv\" target=\"_blank\" rel=\"noreferrer noopener\">https:\/\/policies.google.com\/privacy?hl=sv<\/a><\/p>\n\n\n\n<p>V\u00e5r webbplats anv\u00e4nder sig av caching-teknik f\u00f6r att p\u00e5skynda nedladdningar och d\u00e4rmed anv\u00e4ndarupplevelsen. En dubblett av varje sida som visas p\u00e5 den h\u00e4r webbplatsen kan cachelagras. Alla cachade filer \u00e4r tempor\u00e4ra och kommer inte att vara tillg\u00e4ngliga f\u00f6r n\u00e5gon tredje part s\u00e5vida det inte \u00e4r n\u00f6dv\u00e4ndigt f\u00f6r att f\u00e5 teknisk support fr\u00e5n cachetill\u00e4ggsleverant\u00f6ren. Cachefiler l\u00f6per ut enligt ett schema som st\u00e4llts in av webbplatsadministrat\u00f6ren, men kan enkelt rensas av en administrat\u00f6r innan de naturligt f\u00f6rfaller. <\/p>\n\n\n\n<h2>Hur l\u00e4nge vi lagrar informationen<\/h2>\n\n\n\n<p>Personuppgifter som l\u00e4mnas via kontaktformul\u00e4ret kommer att bevaras i e-postarkivet i maximalt 10 \u00e5r f\u00f6r att uppr\u00e4tth\u00e5lla kundregistret, eller tills du beg\u00e4r att den raderas.<\/p>\n\n\n\n<p>Vi beh\u00e5ller Google Analytics-data i ett \u00e5r.<\/p>\n\n\n\n<h2>Vilka r\u00e4ttigheter du har till din egen information<\/h2>\n\n\n\n<p>Du har r\u00e4tt att beg\u00e4ra r\u00e4ttelse och radering av dina angivna personuppgifter. Du kan ocks\u00e5 beg\u00e4ra en sammanfattning av din personliga information, inklusive all personlig information som du har l\u00e4mnat till oss.<\/p>\n\n\n\n<p>R\u00e4tten att radera dina egna uppgifter g\u00e4ller inte personuppgifter som vi \u00e4r skyldiga att beh\u00e5lla av administrativa, juridiska eller s\u00e4kerhetssk\u00e4l.<\/p>\n\n\n\n<p><\/p>\n<\/div><\/div>\n\n\n\n<div class=\"wp-block-pb-accordion-item c-accordion__item js-accordion-item no-js\" data-initially-open=\"false\" data-click-to-close=\"true\" data-auto-close=\"true\" data-scroll=\"false\" data-scroll-offset=\"0\"><h2 id=\"at-32\" class=\"c-accordion__title js-accordion-controller\" role=\"button\">Tietosuojaseloste<\/h2><div id=\"ac-32\" class=\"c-accordion__content\">\n<h2>REKISTERIVASTAAVA<\/h2>\n\n\n\n<p>Nino Ellenberg<\/p>\n\n\n\n<p><a href=\"https:\/\/www.ninosgardsfix.fi\" target=\"_blank\" rel=\"noreferrer noopener\">https:\/\/www.ninosgardsfix.fi<\/a><\/p>\n\n\n\n<p><a href=\"mailto:ninosgardsfix@gmail.com\">ninosgardsfix@gmail.com<\/a><\/p>\n\n\n\n<p>041 487 6376<br>Y-tunnus: 3223890-2<\/p>\n\n\n\n<h2>MIT\u00c4 HENKIL\u00d6TIETOA KER\u00c4\u00c4MME JA MIKSI<\/h2>\n\n\n\n<p>Ker\u00e4\u00e4mme henkil\u00f6tietoja asiakassuhteiden hoitamista varten. Henkil\u00f6tietojen k\u00e4sittelyn perusteena on oikeutettu etu, sek\u00e4 lakis\u00e4\u00e4teiset velvoitteet.<\/p>\n\n\n\n<p>Ker\u00e4\u00e4m\u00e4mme henkil\u00f6tiedot ovat yhteydenottolomakkeessa tai s\u00e4hk\u00f6postitse itse l\u00e4hett\u00e4m\u00e4si tiedot. Ker\u00e4\u00e4mme lis\u00e4ksi IP-osoitteesi ainoastaan tavalla, jolloin sit\u00e4 voi yhdist\u00e4\u00e4 henkil\u00f6llisyyteesi silloin, kun l\u00e4het\u00e4t yhteydenottopyynn\u00f6n siihen tarkoitettua lomaketta k\u00e4ytt\u00e4en.<\/p>\n\n\n\n<h3>HENKIL\u00d6TIETOJA<\/h3>\n\n\n\n<ul><li>Nimesi<\/li><li>S\u00e4hk\u00f6postiosoitteesi<\/li><li>Puhelinnumerosi<\/li><li>Osoitteesi<\/li><li>IP-osoitteesi<\/li><\/ul>\n\n\n\n<p>Henkil\u00f6tietojen vastaanottajat ovat me, emmek\u00e4 oletuksena l\u00e4het\u00e4 henkil\u00f6tietoja kolmansille osapuolille.<\/p>\n\n\n\n<h3>EV\u00c4STEET SEK\u00c4 KOLMANSIEN OSAPUOLIEN KER\u00c4\u00c4M\u00c4T TIEDOT<\/h3>\n\n\n\n<p>K\u00e4yt\u00e4mme my\u00f6s ev\u00e4steit\u00e4 ja analytiikkaa k\u00e4ytt\u00e4j\u00e4kokemuksen parantamista varten. T\u00e4h\u00e4n k\u00e4yt\u00e4mme p\u00e4\u00e4s\u00e4\u00e4nt\u00f6isesti Google Analyticsia. Vieraillessasi kotisivuillamme, olet heid\u00e4n tietosuojaselosteensa kohde.<\/p>\n\n\n\n<p>Lis\u00e4tietoa ev\u00e4steist\u00e4 Euroopan unionin kotisivuilla:<\/p>\n\n\n\n<p><a href=\"https:\/\/european-union.europa.eu\/cookies_fi\" target=\"_blank\" rel=\"noreferrer noopener\">https:\/\/european-union.europa.eu\/cookies_fi<\/a><\/p>\n\n\n\n<p>Lis\u00e4tietoa Googlen tietosuojaselosteesta:<\/p>\n\n\n\n<p><a href=\"https:\/\/policies.google.com\/privacy?hl=fi\" target=\"_blank\" rel=\"noreferrer noopener\">https:\/\/policies.google.com\/privacy?hl=fi<\/a><\/p>\n\n\n\n<p>Kotisivumme k\u00e4ytt\u00e4\u00e4 v\u00e4limuistiteknologiaa nopeuttaakseen latauksia ja t\u00e4ten k\u00e4ytt\u00e4j\u00e4kokemusta. V\u00e4limuistiin saattaa tallentua kaksoiskappale jokaisesta t\u00e4ll\u00e4 sivustolla n\u00e4kyv\u00e4st\u00e4 sivusta. Kaikki v\u00e4limuistitiedostot ovat v\u00e4liaikaisia, eik\u00e4 mik\u00e4\u00e4n kolmas osapuoli p\u00e4\u00e4se niihin k\u00e4siksi, paitsi jos se on tarpeen teknisen tuen saamiseksi v\u00e4limuistilaajennuksen toimittajalta. V\u00e4limuistitiedostot vanhenevat sivuston yll\u00e4pit\u00e4j\u00e4n asettamassa aikataulussa, mutta j\u00e4rjestelm\u00e4nvalvoja voi tarvittaessa helposti tyhjent\u00e4\u00e4 ne ennen niiden luonnollista vanhenemista.<\/p>\n\n\n\n<h2>KUINKA KAUAN S\u00c4ILYT\u00c4MME TIETOA<\/h2>\n\n\n\n<p>Yhteydenottolomakkeen kautta l\u00e4hetetyt henkil\u00f6tiedot s\u00e4ilytet\u00e4\u00e4n s\u00e4hk\u00f6postiarkistossa korkeintaan 10 vuoden ajan asiakasrekisterin yll\u00e4pit\u00e4miseksi, tai kunnes pyyd\u00e4t niiden poistamista.<\/p>\n\n\n\n<p>Googlen Analytiikkatietoja s\u00e4ilyt\u00e4mme vuoden ajan.<\/p>\n\n\n\n<h2>MIT\u00c4 OIKEUKSIA SINULLA ON OMAAN TIETOOSI<\/h2>\n\n\n\n<p>Sinulla on oikeus pyyt\u00e4\u00e4 annettujen henkil\u00f6tietojesi korjausta sek\u00e4 poistoa. Voit my\u00f6s pyyt\u00e4\u00e4 koostetta henkil\u00f6tiedoistasi, sis\u00e4lt\u00e4en kaiken henkil\u00f6teidon, jonka olet meille antanut.<\/p>\n\n\n\n<p>Oikeus omien tietojen poistoon ei koske sellaista henkil\u00f6tietoa, joka meid\u00e4n on s\u00e4ilytett\u00e4v\u00e4 yll\u00e4pidollisista, juridisista tai tietoturvaan liittyvist\u00e4 syist\u00e4.<\/p>\n<\/div><\/div>\n","protected":false},"excerpt":{"rendered":"<p>13.1.2022<\/p>\n","protected":false},"author":1,"featured_media":0,"parent":0,"menu_order":0,"comment_status":"closed","ping_status":"open","template":"","meta":[],"_links":{"self":[{"href":"https:\/\/www.ninosgardsfix.fi\/index.php\/wp-json\/wp\/v2\/pages\/3"}],"collection":[{"href":"https:\/\/www.ninosgardsfix.fi\/index.php\/wp-json\/wp\/v2\/pages"}],"about":[{"href":"https:\/\/www.ninosgardsfix.fi\/index.php\/wp-json\/wp\/v2\/types\/page"}],"author":[{"embeddable":true,"href":"https:\/\/www.ninosgardsfix.fi\/index.php\/wp-json\/wp\/v2\/users\/1"}],"replies":[{"embeddable":true,"href":"https:\/\/www.ninosgardsfix.fi\/index.php\/wp-json\/wp\/v2\/comments?post=3"}],"version-history":[{"count":7,"href":"https:\/\/www.ninosgardsfix.fi\/index.php\/wp-json\/wp\/v2\/pages\/3\/revisions"}],"predecessor-version":[{"id":256,"href":"https:\/\/www.ninosgardsfix.fi\/index.php\/wp-json\/wp\/v2\/pages\/3\/revisions\/256"}],"wp:attachment":[{"href":"https:\/\/www.ninosgardsfix.fi\/index.php\/wp-json\/wp\/v2\/media?parent=3"}],"curies":[{"name":"wp","href":"https:\/\/api.w.org\/{rel}","templated":true}]}}